{"id":793,"date":"2018-05-31T18:22:45","date_gmt":"2018-05-31T16:22:45","guid":{"rendered":"http:\/\/www.mariolazawada.pl\/?page_id=793"},"modified":"2018-05-31T18:40:32","modified_gmt":"2018-05-31T16:40:32","slug":"polityka-prywatnosci-i-ciasteczka","status":"publish","type":"page","link":"https:\/\/mariolazawada.pl\/index.php\/polityka-prywatnosci-i-ciasteczka\/","title":{"rendered":"Polityka prywatno\u015bci i ciasteczka"},"content":{"rendered":"<p>Je\u017celi zagl\u0105dasz na t\u0105 stron\u0119 to pewnie jeste\u015b zainteresowana\/y ochron\u0105 swoich danych osobowych. Dbam o prywatno\u015b\u0107 i bezpiecze\u0144stwo moich klient\u00f3w, dlatego poni\u017cej znajdziesz wszystkie informacje na temat ciasteczek, przetwarzania danych osobowych oraz wszystkich istotnych funkcji i mechanizm\u00f3w na stronie.<\/p>\n<p>Administratorem strony mariolazawada.pl oraz mariolazawada.com jest Mariola Zawada, zamieszka\u0142a w Cieszynie w Polsce.<br \/>\nAby si\u0119 skontaktowa\u0107 wy\u015blij maila na adres <strong>\u00a0<\/strong>zawada.mariola@gmail.com<strong>.<br \/>\n<\/strong><\/p>\n<p>Na tej stronie przetwarzane s\u0105 dane osobowe oraz pojawiaj\u0105 si\u0119 ciasteczka (cookies). Ciasteczka to ma\u0142e pliki zapisywane w Twojej przegl\u0105darce, kt\u00f3re u\u0142atwiaj\u0105 funkcjonowanie strony oraz zapami\u0119tuj\u0105 niekt\u00f3re Twoje dzia\u0142ania. Dzi\u0119ki temu uzyskuj\u0119 wa\u017cn\u0105 dla mnie pomoc w rozwoju mojej strony jak na przyk\u0142ad zebranie statystyk strony, pozwalaj\u0105 podj\u0105\u0107 dzia\u0142ania marketingowe, a dla Ciebie korzystanie ze strony jest wygodniejsze i przyjemniejsze. W ka\u017cdej chwili mo\u017cesz usun\u0105\u0107 pliki ciasteczek korzystaj\u0105c z odpowiedniej opcji Twojej przegl\u0105darki internetowej.<\/p>\n<ul>\n<li>Google Analytics pozwala na analiz\u0119 ruchu na stronie i zebranie statystyk odwiedzin. Anonimowo zlicza na przyk\u0142ad, ile podstron odwiedza u\u017cytkownik, ile czasu sp\u0119dza na stronie i z jakiego jest rejonu \u015bwiata. Dzi\u0119ki temu mo\u017cna przeanalizowa\u0107 jakie tre\u015bci s\u0105 najciekawsze i przyci\u0105gaj\u0105 najwi\u0119cej os\u00f3b, a to u\u0142atwia na dalszy rozw\u00f3j bloga oraz pozwala na lepszy dob\u00f3r tre\u015bci.<\/li>\n<li>Strona zawiera odno\u015bnik do Facebooka.<\/li>\n<li>Strona znajduje si\u0119 na serwerach polskiego oddzia\u0142u francuskiej firmy hostingowej OVH.<\/li>\n<li>Strona funkcjonuje w oparciu o silnik WordPress.<\/li>\n<li>Wszystkie zdj\u0119cia zamieszczone na stronie s\u0105 mojego autorstwa oraz zosta\u0142y opublikowane za zgod\u0105 modeli.<\/li>\n<\/ul>\n<p>Te wszystkie narz\u0119dzia s\u0142u\u017c\u0105 mi do kontaktu z klientami w\u0142asnego rozwoju oraz do rozbudowy strony.<\/p>\n","protected":false},"excerpt":{"rendered":"<p>Je\u017celi zagl\u0105dasz na t\u0105 stron\u0119 to pewnie jeste\u015b zainteresowana\/y ochron\u0105 swoich danych osobowych. Dbam o prywatno\u015b\u0107 i bezpiecze\u0144stwo moich klient\u00f3w, dlatego poni\u017cej znajdziesz wszystkie informacje na temat ciasteczek, przetwarzania danych osobowych oraz wszystkich istotnych funkcji i mechanizm\u00f3w na stronie. Administratorem strony mariolazawada.pl oraz mariolazawada.com jest Mariola Zawada, zamieszka\u0142a w Cieszynie w Polsce. Aby si\u0119 skontaktowa\u0107 wy\u015blij maila na adres \u00a0zawada.mariola@gmail.com. Na tej stronie przetwarzane s\u0105 dane osobowe oraz pojawiaj\u0105 si\u0119 ciasteczka (cookies). Ciasteczka to ma\u0142e pliki zapisywane w Twojej przegl\u0105darce, kt\u00f3re u\u0142atwiaj\u0105 funkcjonowanie strony oraz zapami\u0119tuj\u0105 niekt\u00f3re Twoje dzia\u0142ania. Dzi\u0119ki temu uzyskuj\u0119 wa\u017cn\u0105 dla mnie pomoc w rozwoju mojej strony jak na przyk\u0142ad zebranie statystyk strony, pozwalaj\u0105 podj\u0105\u0107 dzia\u0142ania marketingowe, a dla Ciebie korzystanie ze strony jest wygodniejsze i przyjemniejsze. W ka\u017cdej chwili mo\u017cesz usun\u0105\u0107 pliki ciasteczek korzystaj\u0105c z odpowiedniej opcji Twojej przegl\u0105darki internetowej. Google Analytics pozwala na analiz\u0119 ruchu na stronie i zebranie statystyk odwiedzin. Anonimowo zlicza na przyk\u0142ad, ile podstron odwiedza u\u017cytkownik, ile czasu sp\u0119dza na stronie i z jakiego jest rejonu \u015bwiata. Dzi\u0119ki temu mo\u017cna przeanalizowa\u0107 jakie tre\u015bci s\u0105 najciekawsze i przyci\u0105gaj\u0105 najwi\u0119cej os\u00f3b, a to u\u0142atwia na dalszy rozw\u00f3j bloga oraz pozwala na lepszy dob\u00f3r tre\u015bci. Strona zawiera odno\u015bnik do Facebooka. Strona znajduje si\u0119 na serwerach [&hellip;]<\/p>\n","protected":false},"author":1,"featured_media":0,"parent":0,"menu_order":0,"comment_status":"closed","ping_status":"closed","template":"","meta":{"_links_to":"","_links_to_target":""},"_links":{"self":[{"href":"https:\/\/mariolazawada.pl\/index.php\/wp-json\/wp\/v2\/pages\/793"}],"collection":[{"href":"https:\/\/mariolazawada.pl\/index.php\/wp-json\/wp\/v2\/pages"}],"about":[{"href":"https:\/\/mariolazawada.pl\/index.php\/wp-json\/wp\/v2\/types\/page"}],"author":[{"embeddable":true,"href":"https:\/\/mariolazawada.pl\/index.php\/wp-json\/wp\/v2\/users\/1"}],"replies":[{"embeddable":true,"href":"https:\/\/mariolazawada.pl\/index.php\/wp-json\/wp\/v2\/comments?post=793"}],"version-history":[{"count":4,"href":"https:\/\/mariolazawada.pl\/index.php\/wp-json\/wp\/v2\/pages\/793\/revisions"}],"predecessor-version":[{"id":797,"href":"https:\/\/mariolazawada.pl\/index.php\/wp-json\/wp\/v2\/pages\/793\/revisions\/797"}],"wp:attachment":[{"href":"https:\/\/mariolazawada.pl\/index.php\/wp-json\/wp\/v2\/media?parent=793"}],"curies":[{"name":"wp","href":"https:\/\/api.w.org\/{rel}","templated":true}]}}